{"id":11902,"date":"2022-11-07T13:47:43","date_gmt":"2022-11-07T12:47:43","guid":{"rendered":"http:\/\/192.168.10.55\/backup\/?page_id=11902"},"modified":"2023-05-02T00:31:19","modified_gmt":"2023-05-01T23:31:19","slug":"mlodzi-w-centrum-kina","status":"publish","type":"page","link":"https:\/\/gcf.morai.eu\/gcf\/mlodzi-w-centrum-kina\/","title":{"rendered":"M\u0142odzi w Centrum Kina"},"content":{"rendered":"<div class=\"mlodzi-content\">\n<p class=\"font-24 line-h-30 font-bold padding-text-bold-mlodzi\">M\u0141ODZI W CENTRUM KINA<\/p>\n<p class=\"font-18 line-h-28\">M\u0141ODZI W CENTRUM KINA to projekt realizowany w ramach europejskiej inicjatywy Collaborate to Innovate, przez zrzeszone w Europa Cinemas Gdy\u0144skie Centrum Filmowe, Kino \u015awiatowid w Elbl\u0105gu oraz Kino Echo w Jarocinie.<\/p>\n<p class=\"font-18 line-h-28\">Celem projektu jest znalezienie odpowiedzi na pytanie, jak rozmawia\u0107 z dzie\u0107mi i m\u0142odzie\u017c\u0105 o kinie europejskim, by by\u0142o ono dla nich atrakcyjne i zach\u0119ca\u0142o do aktywnego uczestnictwa w kulturze kinowej. Innowacyjno\u015b\u0107 tego projektu polega na nowym spojrzeniu na m\u0142odego widza &#8211; tu jest on postrzegany jako \u017ar\u00f3d\u0142o cennej wiedzy o tym, jakie s\u0105 jego oczekiwania i potrzeby wobec kina. Tym samym stawiamy go w pozycji aktywnego uczestnika procesu przygotowania kin do wprowadzenia okre\u015blonych film\u00f3w do repertuaru. To zasadnicza zmiana wobec obecnej sytuacji, w kt\u00f3rej m\u0142ody widz jest jedynie biernym konsumentem oferty filmowej, przygotowanej dla niego przez doros\u0142ych profesjonalist\u00f3w, kt\u00f3rzy z za\u0142o\u017cenia \u201ewiedz\u0105 lepiej\u201d.<\/p>\n<p class=\"font-18 line-h-28\">Projekt M\u0141ODZI W CENTRUM KINA obejmie uczestnik\u00f3w z trzech grup wiekowych: 8-11 lat, 12-15 lat oraz 16-18 lat. Dzieci i m\u0142odzie\u017c w tym wieku wezm\u0105 udzia\u0142 w zorganizowanych w trzech kina przedpremierowych seansach filmowych, kt\u00f3re zostan\u0105 uzupe\u0142nione przez po\u015bwi\u0119cone im spotkania, a tak\u017ce warsztaty tematyczne. Podczas zaj\u0119\u0107 wykorzystamy r\u00f3\u017cnorodne metody pracy, w tym m.in. ankiety, burze m\u00f3zg\u00f3w, zaj\u0119cia artystyczne, rozmowy z psychologami i edukatorami filmowymi.<\/p>\n<p class=\"font-18 line-h-28\">Istotnym elementem projektu s\u0105 r\u00f3wnie\u017c warsztaty dla nauczycieli towarzysz\u0105cych dzieciom i m\u0142odzie\u017cy podczas projektu. Chcemy wyposa\u017cy\u0107 ich w nowe umiej\u0119tno\u015bci wykorzystania kina i filmu jako narz\u0119dzia w pracy edukacyjnej i dialogu z m\u0142odym pokoleniem.<\/p>\n<p class=\"font-18 line-h-28\">Harmonogram dzia\u0142a\u0144 projektu zosta\u0142 dopasowany do kalendarza roku szkolnego 2022\/2023, uwzgl\u0119dniaj\u0105c dwa semestry: zimowy i wiosenny. W dw\u00f3ch semestralnych cyklach, obejmuj\u0105cych trzy miesi\u0105ce ka\u017cdy, przedpremierowo zaprezentujemy widzom z ka\u017cdej grupy po 6 film\u00f3w. \u0141\u0105cznie w ramach projektu \u201eprzetesujemy\u201d odbi\u00f3r 18 r\u00f3\u017cnych film\u00f3w.<\/p>\n<\/div>\n<div class=\"order-change\">\n<div class=\"info-mlodzi\">\n<div>\n<div>\n<div><span class=\"font-24 line-h-30 font-bold\">Koordynator projektu:<\/span><\/div>\n<\/p><\/div>\n<div>\n<div class=\"mlodzi-text-normal\"><span class=\"font-18 line-h-28\"><br \/>\n          <span class=\"font-18 line-h-28 font-bold\">Gdy\u0144skie Centrum Filmowe<\/span><br \/>\n          Plac Grunwaldzki 2<br \/>\n          81-372 Gdynia<br \/>\n          tel. 58 712 46 14<br \/>\n          e-mail: info@gcf.org.pl<br \/>\n<\/span><\/div>\n<div class=\"mlodzi-text-normal\">\n<div class=\"margin-30-mlodzi\"><span class=\"font-24 line-h-30 font-bold\">Instytucje wspieraj\u0105ce:<\/span><\/div>\n<p>          <span class=\"font-18 line-h-28\"><br \/>\n          <span class=\"font-18 line-h-28 font-bold\">Pomorska Fundacja Filmowa w Gdyni<\/span><br \/>\n          Plac Grunwaldzki 2<br \/>\n          81-372 Gdynia<br \/>\n          tel. 58\u00a0712 22 88<br \/>\n          e-mail: biuro@festiwalgdynia.pl<br \/>\n          <\/span>\n        <\/div>\n<div class=\"mlodzi-text-normal margin-30-mlodzi\"><span class=\"font-18 line-h-28\"><span class=\"font-18 line-h-28 font-bold\">Kino \u201e\u015awiatowid\u201d\u00a0w Elbl\u0105gu<\/span><br \/>\n          Plac Kazimierza Jagiello\u0144czyka 1<br \/>\n          82-300 Elbl\u0105g<br \/>\n          tel. 55 611 20 56<br \/>\n          e-mail: info@swiatowid.elblag.pl<\/span><\/div>\n<div class=\"mlodzi-text-normal margin-30-mlodzi\"><span class=\"font-18 line-h-28\"><span class=\"font-18 line-h-28 font-bold\">Kino \u201eEcho\u201d\u00a0w Jarocinie<\/span><br \/>\n          ul. Go\u0142\u0119bia 1<br \/>\n          63-200 Jarocin<br \/>\n          tel. 62\u00a0747 11 19<br \/>\n          e-mail: kino@jarocin.pl<\/span><\/div>\n<\/p><\/div>\n<\/p><\/div>\n<\/p><\/div>\n<\/div>\n","protected":false},"excerpt":{"rendered":"<p>M\u0141ODZI W CENTRUM KINA M\u0141ODZI W CENTRUM KINA to projekt realizowany w ramach europejskiej inicjatywy Collaborate to Innovate, przez zrzeszone&#8230;<\/p>\n","protected":false},"author":1,"featured_media":13079,"parent":0,"menu_order":12,"comment_status":"closed","ping_status":"closed","template":"templates\/mwck-page.php","meta":[],"_links":{"self":[{"href":"https:\/\/gcf.morai.eu\/gcf\/wp-json\/wp\/v2\/pages\/11902"}],"collection":[{"href":"https:\/\/gcf.morai.eu\/gcf\/wp-json\/wp\/v2\/pages"}],"about":[{"href":"https:\/\/gcf.morai.eu\/gcf\/wp-json\/wp\/v2\/types\/page"}],"author":[{"embeddable":true,"href":"https:\/\/gcf.morai.eu\/gcf\/wp-json\/wp\/v2\/users\/1"}],"replies":[{"embeddable":true,"href":"https:\/\/gcf.morai.eu\/gcf\/wp-json\/wp\/v2\/comments?post=11902"}],"version-history":[{"count":56,"href":"https:\/\/gcf.morai.eu\/gcf\/wp-json\/wp\/v2\/pages\/11902\/revisions"}],"predecessor-version":[{"id":14088,"href":"https:\/\/gcf.morai.eu\/gcf\/wp-json\/wp\/v2\/pages\/11902\/revisions\/14088"}],"wp:featuredmedia":[{"embeddable":true,"href":"https:\/\/gcf.morai.eu\/gcf\/wp-json\/wp\/v2\/media\/13079"}],"wp:attachment":[{"href":"https:\/\/gcf.morai.eu\/gcf\/wp-json\/wp\/v2\/media?parent=11902"}],"curies":[{"name":"wp","href":"https:\/\/api.w.org\/{rel}","templated":true}]}}