{"id":5979,"date":"2021-05-19T11:07:44","date_gmt":"2021-05-19T11:07:44","guid":{"rendered":"http:\/\/192.168.10.55\/backup\/?page_id=5979"},"modified":"2021-05-28T13:41:36","modified_gmt":"2021-05-28T13:41:36","slug":"deklaracja-o-dostepnosci","status":"publish","type":"page","link":"https:\/\/gcf.morai.eu\/gcf\/deklaracja-o-dostepnosci\/","title":{"rendered":"Deklaracja o dost\u0119pno\u015bci"},"content":{"rendered":"<p style=\"text-align: left;\"><span dir=\"ltr\"><strong>Gdy\u0144skie Centrum Filmowe<\/strong> zobowi\u0105zuje si\u0119 zapewni\u0107 dost\u0119pno\u015b\u0107 strony internetowej <strong>gcf.org.pl<\/strong> zgodnie z ustaw\u0105 z\u00a0dnia 4 kwietnia 2019 r. o dost\u0119pno\u015bci cyfrowej stron internetowych i aplikacji mobilnych podmiot\u00f3w publicznych. O\u015bwiadczenie w sprawie dost\u0119pno\u015bci ma zastosowanie do <strong>www.gcf.org.pl<\/strong><\/span><\/p>\n<p style=\"text-align: left;\"><span dir=\"ltr\">Data publikacji strony internetowej: 02.01.2018<br \/>\n<\/span><span dir=\"ltr\">Data ostatniej du\u017cej aktualizacji: 02.01.2018<\/span><\/p>\n<p style=\"text-align: left;\"><span dir=\"ltr\">Strona internetowa jest zgodna z ustaw\u0105 o dost\u0119pno\u015bci cyfrowej stron internetowych i aplikacji <\/span><span dir=\"ltr\">mobilnych podmiot\u00f3w publicznych. <\/span><span dir=\"ltr\">O\u015bwiadczenie sporz\u0105dzono dnia 31.03.2020 r. Deklaracj\u0119 sporz\u0105dzono na podstawie samooceny <\/span><span dir=\"ltr\">przeprowadzonej przez podmiot publiczny. <\/span><\/p>\n<p style=\"text-align: left;\"><span dir=\"ltr\">W przypadku <\/span><span dir=\"ltr\">problem\u00f3w z dost\u0119pno\u015bci\u0105 cyfrowej dla os\u00f3b niepe\u0142nosprawnych <\/span><span dir=\"ltr\">strony <\/span><span dir=\"ltr\">internetowej prosimy o kontakt. <\/span><\/p>\n<p style=\"text-align: left;\">Maciej Marcinkowski <a title=\"\" href=\"mailto:m.marcinkowski@festiwalgdynia.pl\" target=\"_blank\" rel=\"noopener\">m.marcinkowski@festiwalgdynia.pl<\/a> tel. 782 049 320<\/p>\n","protected":false},"excerpt":{"rendered":"<p>Gdy\u0144skie Centrum Filmowe zobowi\u0105zuje si\u0119 zapewni\u0107 dost\u0119pno\u015b\u0107 strony internetowej gcf.org.pl zgodnie z ustaw\u0105 z\u00a0dnia 4 kwietnia 2019 r. o dost\u0119pno\u015bci&#8230;<\/p>\n","protected":false},"author":1,"featured_media":0,"parent":0,"menu_order":23,"comment_status":"closed","ping_status":"closed","template":"","meta":[],"_links":{"self":[{"href":"https:\/\/gcf.morai.eu\/gcf\/wp-json\/wp\/v2\/pages\/5979"}],"collection":[{"href":"https:\/\/gcf.morai.eu\/gcf\/wp-json\/wp\/v2\/pages"}],"about":[{"href":"https:\/\/gcf.morai.eu\/gcf\/wp-json\/wp\/v2\/types\/page"}],"author":[{"embeddable":true,"href":"https:\/\/gcf.morai.eu\/gcf\/wp-json\/wp\/v2\/users\/1"}],"replies":[{"embeddable":true,"href":"https:\/\/gcf.morai.eu\/gcf\/wp-json\/wp\/v2\/comments?post=5979"}],"version-history":[{"count":3,"href":"https:\/\/gcf.morai.eu\/gcf\/wp-json\/wp\/v2\/pages\/5979\/revisions"}],"predecessor-version":[{"id":6850,"href":"https:\/\/gcf.morai.eu\/gcf\/wp-json\/wp\/v2\/pages\/5979\/revisions\/6850"}],"wp:attachment":[{"href":"https:\/\/gcf.morai.eu\/gcf\/wp-json\/wp\/v2\/media?parent=5979"}],"curies":[{"name":"wp","href":"https:\/\/api.w.org\/{rel}","templated":true}]}}