{"id":85,"date":"2021-03-24T10:14:46","date_gmt":"2021-03-24T10:14:46","guid":{"rendered":"http:\/\/192.168.10.55\/backup\/?page_id=85"},"modified":"2023-05-01T22:03:02","modified_gmt":"2023-05-01T21:03:02","slug":"centrum","status":"publish","type":"page","link":"https:\/\/gcf.morai.eu\/gcf\/centrum\/","title":{"rendered":"Gdy\u0144skie Centrum Filmowe"},"content":{"rendered":"<div class=\"margin-img-centrum\">\n<img decoding=\"async\" loading=\"lazy\" src=\"https:\/\/gcf.morai.eu\/gcf\/wp-content\/uploads\/2023\/05\/centrum-zd1-300x200.jpg\" alt=\"\" width=\"1920\" height=\"1280\" class=\"alignnone size-medium wp-image-14016\" srcset=\"https:\/\/gcf.morai.eu\/gcf\/wp-content\/uploads\/2023\/05\/centrum-zd1-300x200.jpg 300w, https:\/\/gcf.morai.eu\/gcf\/wp-content\/uploads\/2023\/05\/centrum-zd1-1024x683.jpg 1024w, https:\/\/gcf.morai.eu\/gcf\/wp-content\/uploads\/2023\/05\/centrum-zd1-768x512.jpg 768w, https:\/\/gcf.morai.eu\/gcf\/wp-content\/uploads\/2023\/05\/centrum-zd1-400x267.jpg 400w, https:\/\/gcf.morai.eu\/gcf\/wp-content\/uploads\/2023\/05\/centrum-zd1-960x640.jpg 960w, https:\/\/gcf.morai.eu\/gcf\/wp-content\/uploads\/2023\/05\/centrum-zd1.jpg 1080w\" sizes=\"(max-width: 1920px) 100vw, 1920px\" \/>\n<\/div>\n<div class=\"centrum-text\">\n<p  class=\"font-24 line-h-30 font-bold centrum-bold-chaper\">IDEA<\/p>\n<p class=\"font-18 line-h-28 centrum-normal-text\">Najlepsze filmy z Polski i \u015bwiata, wystawy fotografii, dyskusje z tw\u00f3rcami, warsztaty filmowe. Gdy\u0144skie Centrum Filmowe to wa\u017cne kulturalne miejsce spotka\u0144 w centrum Gdyni. Zapewnia mieszka\u0144com miasta i regionu, a tak\u017ce turystom, dost\u0119pdo edukacji, kultury i rozrywki zwi\u0105zanej z warto\u015bciowym kinem.<\/p>\n<p class=\"font-18 line-h-28 centrum-normal-text margin-none-text \">Oferta Gdy\u0144skiego Centrum Filmowego skierowana jest zar\u00f3wno do profesjonalnych filmowc\u00f3w, jak i amator\u00f3w, pasjonat\u00f3w kina. Filarami jego dzia\u0142alno\u015bci s\u0105 Gdy\u0144ska Szko\u0142a Filmowa, Kino Studyjne oraz festiwale i wydarzenia filmowe. Dzi\u0119ki bogatemu programowi to w\u0142a\u015bnie w Gdyni integruje si\u0119 polskie \u015brodowisko filmowe. Entuzja\u015bci kina mog\u0105 zdobywa\u0107 nowe umiej\u0119tno\u015bci i dzieli\u0107 si\u0119 do\u015bwiadczeniami.<\/p>\n<\/div\n\n\n<div>\n<div class=\"margin-img-centrum\">\n<img decoding=\"async\" loading=\"lazy\" class=\"alignnone size-full wp-image-93\" src=\"http:\/\/192.168.10.55\/backup\/wp-content\/uploads\/2021\/03\/GCF-z-gory.jpg\" alt=\"\" width=\"1920\" height=\"1280\" srcset=\"https:\/\/gcf.morai.eu\/gcf\/wp-content\/uploads\/2021\/03\/GCF-z-gory.jpg 1920w, https:\/\/gcf.morai.eu\/gcf\/wp-content\/uploads\/2021\/03\/GCF-z-gory-300x200.jpg 300w, https:\/\/gcf.morai.eu\/gcf\/wp-content\/uploads\/2021\/03\/GCF-z-gory-1024x683.jpg 1024w, https:\/\/gcf.morai.eu\/gcf\/wp-content\/uploads\/2021\/03\/GCF-z-gory-768x512.jpg 768w, https:\/\/gcf.morai.eu\/gcf\/wp-content\/uploads\/2021\/03\/GCF-z-gory-1536x1024.jpg 1536w, https:\/\/gcf.morai.eu\/gcf\/wp-content\/uploads\/2021\/03\/GCF-z-gory-400x267.jpg 400w, https:\/\/gcf.morai.eu\/gcf\/wp-content\/uploads\/2021\/03\/GCF-z-gory-960x640.jpg 960w\" sizes=\"(max-width: 1920px) 100vw, 1920px\" \/>\n<\/div>\n<\/div>\n<div class=\"centrum-text\">\n<p class=\"font-24 line-h-30 font-bold centrum-bold-chaper\">MIEJSCE<\/p>\n<p class=\"font-18 line-h-28 centrum-normal-text\">Gdy\u0144skie Centrum Filmowe ulokowano w sercu miasta, kilkaset metr\u00f3w od \u015br\u00f3dmiejskiej pla\u017cy. Przy placu Grunwaldzkim stan\u0105\u0142 budynek o charakterystycznej, monolitycznej bryle i bia\u0142ej, szklanej elewacji. Jego projekt jest dzie\u0142em gdy\u0144skiego biura architektonicznego ARCH-DECO, uhonorowanym g\u0142\u00f3wn\u0105 nagrod\u0105 Eurobuild Awards 2015.<\/p>\n<p class=\"font-18 line-h-28 centrum-normal-text margin-none-text \">Wydarzenia artystyczne \u2013 plenerowe seanse filmowe, koncerty i spotkania \u2013 obejmuj\u0105 te\u017c pokryty traw\u0105 plac i muszl\u0119 koncertow\u0105. Kolejka szynowa prowadzi z placu na taras widokowy na Kamiennej G\u00f3rze. Samoch\u00f3d mo\u017cna zostawi\u0107 na parkingu podziemnym, po\u0142\u0105czonym z Teatrem Muzycznym, kt\u00f3ry mie\u015bci si\u0119 obok Gdy\u0144skiego Centrum Filmowego. Ca\u0142\u0105 inwestycj\u0119 zrealizowano dzi\u0119ki zaanga\u017cowaniu Miasta Gdyni oraz przy udziale \u015brodk\u00f3w Unii Europejskiej. W 2016 zosta\u0142a ona nagrodzona tytu\u0142em Budowy Roku, zyska\u0142a tak\u017ce miano Najlepszej Przestrzeni Publicznej Wojew\u00f3dztwa Pomorskiego.<\/p>\n<p class=\"font-24 line-h-30 font-bold centrum-bold-chaper\">HISTORIA<\/p>\n<p class=\"font-18 line-h-28 centrum-normal-text\">Gdy\u0144skie Centrum Filmowe otwarto uroczy\u015bcie 13 wrze\u015bnia 2015 roku. Ten wielofunkcyjny o\u015brodek kultury i edukacji filmowej nie powsta\u0142by jednak, gdyby nie wcze\u015bniejsze wieloletnie do\u015bwiadczenia w tej dziedzinie.<\/p>\n<p class=\"font-18 line-h-28 centrum-normal-text\">Od 2010 roku dzia\u0142a Gdy\u0144ska Szko\u0142a Filmowa, kszta\u0142c\u0105ca student\u00f3w na wydziale Re\u017cyserii. Jej pocz\u0105tki wi\u0105\u017c\u0105 si\u0119 z Pomorskimi Warsztatami Filmowymi w Gdyni, organizowanymi od 2006 roku.<\/p>\n<p class=\"font-18 line-h-28 centrum-normal-text margin-none-text \">Pomorska Fundacja Filmowa w Gdyni jest wsp\u00f3\u0142organizatorem najwi\u0119kszego w Polsce, presti\u017cowego festiwalu filmowego &#8211; <a href=\"http:\/\/www.festiwalgdynia.pl\/\" target=\"_blank\" rel=\"noopener\">Festiwalu Polskich Film\u00f3w Fabularnych<\/a> &#8211; kt\u00f3ry odbywa si\u0119 nad morzem ju\u017c od 1974 roku. Za spraw\u0105 tej imprezy w\u0142a\u015bnie Gdynia od kilkudziesi\u0119ciu lat przyci\u0105ga tw\u00f3rc\u00f3w polskiego kina i jego mi\u0142o\u015bnik\u00f3w.<\/p>\n<\/div>\n<div class=\"margin-img-centrum\">\n<img decoding=\"async\" loading=\"lazy\" src=\"https:\/\/gcf.morai.eu\/gcf\/wp-content\/uploads\/2023\/05\/cetrum-zdj3-300x200.jpg\" alt=\"\" width=\"1920\" height=\"1280\" class=\"alignnone size-medium wp-image-14031\" srcset=\"https:\/\/gcf.morai.eu\/gcf\/wp-content\/uploads\/2023\/05\/cetrum-zdj3-300x200.jpg 300w, https:\/\/gcf.morai.eu\/gcf\/wp-content\/uploads\/2023\/05\/cetrum-zdj3-1024x683.jpg 1024w, https:\/\/gcf.morai.eu\/gcf\/wp-content\/uploads\/2023\/05\/cetrum-zdj3-768x512.jpg 768w, https:\/\/gcf.morai.eu\/gcf\/wp-content\/uploads\/2023\/05\/cetrum-zdj3-400x267.jpg 400w, https:\/\/gcf.morai.eu\/gcf\/wp-content\/uploads\/2023\/05\/cetrum-zdj3-960x640.jpg 960w, https:\/\/gcf.morai.eu\/gcf\/wp-content\/uploads\/2023\/05\/cetrum-zdj3.jpg 1080w\" sizes=\"(max-width: 1920px) 100vw, 1920px\" \/>\n<\/div>\n<div class=\"centrum-text\">\n<p class=\"font-24 line-h-30 font-bold centrum-bold-chaper\">KINO STUDYJNE<\/p>\n<p class=\"font-18 line-h-28 centrum-normal-text\">Warszawa, Goplana i Morskie Oko, czyli kinowa Gdynia jak za dawnych lat, ale w nowoczesnym wydaniu. Kino Studyjne Gdy\u0144skiego Centrum Filmowego nawi\u0105zuje nazwami swych sal do kinowych sentyment\u00f3w gdynian. Najwi\u0119ksza, Warszawa, mie\u015bci 227 widz\u00f3w. Dwie bardziej kameralne \u2013 Goplana i Morskie Oko \u2013 maj\u0105 96 i 50 miejsc. Wszystkie wyposa\u017cono w wysokiej klasy projektory 4K oraz nag\u0142o\u015bnienie 7.1.<\/p>\n<p class=\"font-18 line-h-28 centrum-normal-text\">Podstaw\u0105 repertuaru Kina Studyjnego GCF jest kino ambitne i artystyczne, z bogat\u0105 ofert\u0105 dla m\u0142odej widowni. S\u0105 w nim doceniane przez krytyk\u0119 produkcje fabularne oraz dokumentalne. Europejskie, azjatyckie, bliskowschodnie, po\u0142udniowoameryka\u0144skie i anglosaskie. Co czwarty tytu\u0142 jest polski. S\u0105 pokazy film\u00f3w studyjnych i prezentacje tw\u00f3rczo\u015bci m\u0142odych amator\u00f3w oraz student\u00f3w szk\u00f3\u0142 filmowych.<\/p>\n<p class=\"font-18 line-h-28 centrum-normal-text\">Kino Studyjne GCF rozwija si\u0119 we wsp\u00f3\u0142pracy z Sieci\u0105 Kin Studyjnych w Polsce oraz organizacj\u0105 Europa Cinemas. Organizuje przegl\u0105dy tematyczne wraz z innymi gdy\u0144skimi instytucjami kultury. Ju\u017c czterokrotnie by\u0142o gospodarzem Forum Wok\u00f3\u0142 Kina, cyklicznej imprezy \u015brodowiska zwi\u0105zanego z dystrybucj\u0105 i rozpowszechnianiem film\u00f3w.<\/p>\n<p class=\"font-18 line-h-28 centrum-normal-text margin-none-text \">Podczas seans\u00f3w w salach Kina Studyjnego GCF obowi\u0105zuje ca\u0142kowity zakaz fotografowania i filmowania. Widzowie zobowi\u0105zani s\u0105 do wy\u0142\u0105czenia na czas seansu telefon\u00f3w kom\u00f3rkowych oraz innych urz\u0105dze\u0144 emituj\u0105cych \u015bwiat\u0142o i d\u017awi\u0119k.<\/p>\n<\/div\n\n\n<div>\n<div class=\"margin-img-centrum\"><img decoding=\"async\" loading=\"lazy\" src=\"https:\/\/gcf.morai.eu\/gcf\/wp-content\/uploads\/2023\/05\/cetrum-zdj4-300x200.jpg\" alt=\"\" width=\"1920\" height=\"1280\" class=\"alignnone size-medium wp-image-14034\" srcset=\"https:\/\/gcf.morai.eu\/gcf\/wp-content\/uploads\/2023\/05\/cetrum-zdj4-300x200.jpg 300w, https:\/\/gcf.morai.eu\/gcf\/wp-content\/uploads\/2023\/05\/cetrum-zdj4-1024x683.jpg 1024w, https:\/\/gcf.morai.eu\/gcf\/wp-content\/uploads\/2023\/05\/cetrum-zdj4-768x512.jpg 768w, https:\/\/gcf.morai.eu\/gcf\/wp-content\/uploads\/2023\/05\/cetrum-zdj4-400x267.jpg 400w, https:\/\/gcf.morai.eu\/gcf\/wp-content\/uploads\/2023\/05\/cetrum-zdj4-960x640.jpg 960w, https:\/\/gcf.morai.eu\/gcf\/wp-content\/uploads\/2023\/05\/cetrum-zdj4.jpg 1080w\" sizes=\"(max-width: 1920px) 100vw, 1920px\" \/><\/div>\n<\/div\n<\/div>\n<div class=\"centrum-text\">\n<p  class=\"font-24 line-h-30 font-bold centrum-bold-chaper\">GDY\u0143SKA SZKO\u0141A FILMOWA<\/p>\n<p class=\"font-18 line-h-28 centrum-normal-text\">Dwuletnie studia na wydziale Re\u017cyserii obejmuj\u0105 700 godzin zaj\u0119\u0107 praktycznych i teoretycznych w jednym semestrze. Gdy\u0144ska Szko\u0142a Filmowa, jedyny w Polsce p\u00f3\u0142nocnej profesjonalny o\u015brodek edukacji filmowej, dzia\u0142a tak od 2010 roku. W gronie wyk\u0142adowc\u00f3w s\u0105 czo\u0142owi polscy nauczyciele sztuki filmowej, re\u017cyserzy, aktorzy, scenarzy\u015bci, operatorzy filmowi, monta\u017cy\u015bci, producenci i teoretycy filmu:<\/p>\n<p class=\"font-18 line-h-28 centrum-normal-text\">Jacek B\u0142awut, Marcin Borchardt, Miros\u0142aw Bork, Kinga D\u0119bska, S\u0142awomir Fabicki, Milenia Fiedler, Andrzej Fidyk, Katarzyna Figura, Robert Gli\u0144ski, Andrzej Jaroszewicz, Krzysztof Kornacki, Grzegorz \u0141oszewski, Pawe\u0142 \u0141ozi\u0144ski, Juliusz Machulski, FilipMarczewski, Piotr Mikucki, Kamil Prze\u0142\u0119cki, Miros\u0142aw Przylipiak, S\u0142awomir Pultyn, Irena Siedlar, Leszek Starzy\u0144ski.<\/p>\n<p class=\"font-18 line-h-28 centrum-normal-text\">Filmy dyplomowe absolwent\u00f3w Gdy\u0144skiej Szko\u0142y Filmowej otrzyma\u0142y ponad sto nagr\u00f3d, wyr\u00f3\u017cnie\u0144 i nominacji na polskich i mi\u0119dzynarodowych festiwalach filmowych. S\u0105 w\u015br\u00f3d nich \u201eMatka\u201d w re\u017c. \u0141ukasza Ostalskiego, \u201eDzie\u0144 babci\u201d w re\u017c. Mi\u0142osza Sakowskiego oraz \u201eOlena\u201d w re\u017c. El\u017cbiety Benkowskiej, pierwszy kr\u00f3tkometra\u017cowy film fabularny w historii polskiej kinematografii, kt\u00f3ry zakwalifikowano do konkursu g\u0142\u00f3wnego kr\u00f3tkich film\u00f3w w Cannes. W 2017 roku sukces ten powt\u00f3rzy\u0142 absolwent trzeciego rocznika GSF, Grzegorz Mo\u0142da, kt\u00f3rego film dyplomowy &#8222;Koniec widzenia&#8221; r\u00f3wnie\u017c zakwalifikowa\u0142 si\u0119 do Cannes, pokonuj\u0105c ponad 4000 zg\u0142osze\u0144 z ca\u0142ego \u015bwiata.<\/p>\n<p class=\"font-18 line-h-28 centrum-normal-text margin-none-text \">Wsp\u00f3lnie z Uniwersytetem Gda\u0144skim w 2014 roku Gdy\u0144ska Szko\u0142a Filmowa utworzy\u0142a kierunek: Wiedza o filmie i kulturze audiowizualnej. W 2015 roku powo\u0142a\u0142a te\u017c studium produkcji form audiowizualnych, wsp\u00f3lnie z Gda\u0144sk\u0105 Fundacj\u0105 Kszta\u0142cenia Mened\u017cer\u00f3w. Szko\u0142a, dzia\u0142aj\u0105c w ramach Gdy\u0144skiego Centrum Filmowego, ma do dyspozycji nowoczesne sale wyk\u0142adowe, \u015bwietnie wyposa\u017cone studia filmowe, monta\u017cowe i d\u017awi\u0119kowe, pracowni\u0119 fotograficzn\u0105, bibliotek\u0119 i filmotek\u0119. Strona Gdy\u0144skiej Szko\u0142y Filmowej: <a href=\"http:\/\/www.gsf.pl\/\" target=\"_blank\" rel=\"noopener\">http:\/\/www.gsf.pl\/<\/a><\/p>\n<\/div>\n<div class=\"margin-img-centrum\"><img decoding=\"async\" loading=\"lazy\" class=\"alignnone wp-image-6852 size-full\" src=\"http:\/\/192.168.10.55\/backup\/wp-content\/uploads\/2021\/05\/Ksiegarnia-Galeria-Czytelnia.jpg\" alt=\"\" width=\"1920\" height=\"1280\" srcset=\"https:\/\/gcf.morai.eu\/gcf\/wp-content\/uploads\/2021\/05\/Ksiegarnia-Galeria-Czytelnia.jpg 1920w, https:\/\/gcf.morai.eu\/gcf\/wp-content\/uploads\/2021\/05\/Ksiegarnia-Galeria-Czytelnia-300x200.jpg 300w, https:\/\/gcf.morai.eu\/gcf\/wp-content\/uploads\/2021\/05\/Ksiegarnia-Galeria-Czytelnia-1024x683.jpg 1024w, https:\/\/gcf.morai.eu\/gcf\/wp-content\/uploads\/2021\/05\/Ksiegarnia-Galeria-Czytelnia-768x512.jpg 768w, https:\/\/gcf.morai.eu\/gcf\/wp-content\/uploads\/2021\/05\/Ksiegarnia-Galeria-Czytelnia-1536x1024.jpg 1536w, https:\/\/gcf.morai.eu\/gcf\/wp-content\/uploads\/2021\/05\/Ksiegarnia-Galeria-Czytelnia-400x267.jpg 400w, https:\/\/gcf.morai.eu\/gcf\/wp-content\/uploads\/2021\/05\/Ksiegarnia-Galeria-Czytelnia-960x640.jpg 960w, https:\/\/gcf.morai.eu\/gcf\/wp-content\/uploads\/2021\/05\/Ksiegarnia-Galeria-Czytelnia-1320x880.jpg 1320w\" sizes=\"(max-width: 1920px) 100vw, 1920px\" \/><\/div>\n<div class=\"centrum-text border-bottom-centrum\">\n<p class=\"font-24 line-h-30 font-bold centrum-bold-chaper\" >GALERIA<\/p>\n<p class=\"font-18 line-h-28 centrum-normal-text\">Cz\u0119\u015bci\u0105 Gdy\u0144skiego Centrum Filmowego jest galeria. Prezentuje prace fotograficzne i plastyczne tw\u00f3rc\u00f3w, kt\u00f3rzy s\u0105 zwi\u0105zani z kinem b\u0105d\u017a poprzez sw\u0105 tw\u00f3rczo\u015b\u0107 opisuj\u0105 intryguj\u0105cy \u015bwiat filmu. W tym miejscu mo\u017cna si\u0119 zetkn\u0105\u0107 zar\u00f3wno z ciekawymi pocz\u0105tkuj\u0105cymi artystami, jak i z uznanymi postaciami kina i sztuk pi\u0119knych. Tutaj odbywaj\u0105 si\u0119 wernisa\u017ce, spotkania z publiczno\u015bci\u0105, warsztaty tw\u00f3rcze.<\/p>\n<p class=\"font-18 line-h-28 centrum-normal-text margin-none-text \">Po\u0142\u0105czony z Galeri\u0105 sklepMOSTWinylShopoferuje unikatowe, kolekcjonerskie wydania muzyki na p\u0142ytach winylowych.<\/p>\n<p  class=\"font-24 line-h-30 font-bold centrum-bold-chaper\">RESTAURACJA I KAWIARNIA<\/p>\n<p class=\"font-18 line-h-28 centrum-normal-text\">W siedzibie Gdy\u0144skiego Centrum Filmowego mo\u017cna si\u0119 spotka\u0107, porozmawia\u0107, a przy tym smacznie zje\u015b\u0107. Kawiarnia FaBu\u0142a to miejsce, w kt\u00f3rym ch\u0119tnie bywaj\u0105 widzowie i tw\u00f3rcy. Dyskutuj\u0105 mi\u0142o\u015bnicy kina, zawodowi filmowcy, aktorzy, pisarze, muzycy. Od 2021 roku dzia\u0142a nowa restauracja\/bistro Niewinni Czarodzieje 3.0.<\/p>\n<p class=\"font-18 line-h-28 centrum-normal-text margin-none-text \">Fot. S\u0142awomir Pultyn, Anna Rezulak, archiwum Gdy\u0144skiej Szko\u0142y Filmowej<\/p>\n<\/div>\n","protected":false},"excerpt":{"rendered":"<p>IDEA Najlepsze filmy z Polski i \u015bwiata, wystawy fotografii, dyskusje z tw\u00f3rcami, warsztaty filmowe. Gdy\u0144skie Centrum Filmowe to wa\u017cne kulturalne&#8230;<\/p>\n","protected":false},"author":1,"featured_media":0,"parent":0,"menu_order":7,"comment_status":"closed","ping_status":"closed","template":"","meta":[],"_links":{"self":[{"href":"https:\/\/gcf.morai.eu\/gcf\/wp-json\/wp\/v2\/pages\/85"}],"collection":[{"href":"https:\/\/gcf.morai.eu\/gcf\/wp-json\/wp\/v2\/pages"}],"about":[{"href":"https:\/\/gcf.morai.eu\/gcf\/wp-json\/wp\/v2\/types\/page"}],"author":[{"embeddable":true,"href":"https:\/\/gcf.morai.eu\/gcf\/wp-json\/wp\/v2\/users\/1"}],"replies":[{"embeddable":true,"href":"https:\/\/gcf.morai.eu\/gcf\/wp-json\/wp\/v2\/comments?post=85"}],"version-history":[{"count":65,"href":"https:\/\/gcf.morai.eu\/gcf\/wp-json\/wp\/v2\/pages\/85\/revisions"}],"predecessor-version":[{"id":14058,"href":"https:\/\/gcf.morai.eu\/gcf\/wp-json\/wp\/v2\/pages\/85\/revisions\/14058"}],"wp:attachment":[{"href":"https:\/\/gcf.morai.eu\/gcf\/wp-json\/wp\/v2\/media?parent=85"}],"curies":[{"name":"wp","href":"https:\/\/api.w.org\/{rel}","templated":true}]}}